{"id":199,"date":"2025-12-18T11:02:56","date_gmt":"2025-12-18T11:02:56","guid":{"rendered":"https:\/\/flamingo.codeyuzu.com\/tecnonuclear\/?post_type=product&#038;p=199"},"modified":"2026-01-15T12:55:50","modified_gmt":"2026-01-15T12:55:50","slug":"reno-tec-mag-3","status":"publish","type":"product","link":"https:\/\/tecnonuclear.com\/en\/product\/reno-tec-mag-3\/","title":{"rendered":"RENO-TEC (MAG-3)"},"content":{"rendered":"<p>El Reno-Tec (MAG-3) est\u00e1 indicado para la evaluaci\u00f3n de trastornos nefrol\u00f3gicos y urol\u00f3gicos en particular para el estudio de morfolog\u00eda, perfusi\u00f3n, funci\u00f3n del ri\u00f1\u00f3n y caracterizaci\u00f3n del flujo de salida urinario. El Reno-Tec tiene una excreci\u00f3n muy similar al del \u00e1cido orto-yodo-hip\u00farico, por lo que puede medirse la actividad sobre los ri\u00f1ones y registrar separadamente ambos ri\u00f1ones, el flujo sangu\u00edneo renal, los tiempos de tr\u00e1nsito tubular intrarrenal y la v\u00eda de excreci\u00f3n.<\/p>\n<p><strong>Category:<\/strong> TECHNETIUM TRACERS<\/p>\n<p><strong>Sub - Category:<\/strong> DIAGNOSIS<\/p>\n<p>Technical Data<\/p>","protected":false},"excerpt":{"rendered":"<p>KIT of reagents for radiopharmaceutical preparation of technetium-99m (<sup>99m<\/sup>Tc) mertiatide (MAG-3)<\/p>","protected":false},"featured_media":424,"comment_status":"closed","ping_status":"closed","template":"","meta":[],"product_brand":[],"product_cat":[19],"product_tag":[],"class_list":{"0":"post-199","1":"product","2":"type-product","3":"status-publish","4":"has-post-thumbnail","6":"product_cat-spect","8":"first","9":"instock","10":"product-type-simple"},"_links":{"self":[{"href":"https:\/\/tecnonuclear.com\/en\/wp-json\/wp\/v2\/product\/199","targetHints":{"allow":["GET"]}}],"collection":[{"href":"https:\/\/tecnonuclear.com\/en\/wp-json\/wp\/v2\/product"}],"about":[{"href":"https:\/\/tecnonuclear.com\/en\/wp-json\/wp\/v2\/types\/product"}],"replies":[{"embeddable":true,"href":"https:\/\/tecnonuclear.com\/en\/wp-json\/wp\/v2\/comments?post=199"}],"wp:featuredmedia":[{"embeddable":true,"href":"https:\/\/tecnonuclear.com\/en\/wp-json\/wp\/v2\/media\/424"}],"wp:attachment":[{"href":"https:\/\/tecnonuclear.com\/en\/wp-json\/wp\/v2\/media?parent=199"}],"wp:term":[{"taxonomy":"product_brand","embeddable":true,"href":"https:\/\/tecnonuclear.com\/en\/wp-json\/wp\/v2\/product_brand?post=199"},{"taxonomy":"product_cat","embeddable":true,"href":"https:\/\/tecnonuclear.com\/en\/wp-json\/wp\/v2\/product_cat?post=199"},{"taxonomy":"product_tag","embeddable":true,"href":"https:\/\/tecnonuclear.com\/en\/wp-json\/wp\/v2\/product_tag?post=199"}],"curies":[{"name":"wp","href":"https:\/\/api.w.org\/{rel}","templated":true}]}}