{"id":236,"date":"2025-12-18T11:03:11","date_gmt":"2025-12-18T11:03:11","guid":{"rendered":"https:\/\/flamingo.codeyuzu.com\/tecnonuclear\/?post_type=product&#038;p=236"},"modified":"2026-01-15T13:17:55","modified_gmt":"2026-01-15T13:17:55","slug":"3-deoxi-18f-fluorotimidina-18f-flt-solucion","status":"publish","type":"product","link":"https:\/\/tecnonuclear.com\/en\/product\/3-deoxi-18f-fluorotimidina-18f-flt-solucion\/","title":{"rendered":"3\u2019-deoxi-[<sup>18<\/sup>F]-fluorotimidina (<sup>18<\/sup>F-FLT) soluci\u00f3n."},"content":{"rendered":"<p>Fluorotimidina ([<sup>18<\/sup>F] FLT) es un an\u00e1logo de la Timidina y se utiliza como marcador de proliferaci\u00f3n celular mediante la t\u00e9cnica de tomograf\u00eda por emisi\u00f3n de positrones (PET). La <sup>18<\/sup>F-FLT ha mostrado tener una excelente sensibilidad en la detecci\u00f3n de tumores primarios, incluso para la detecci\u00f3n de los ganglios axilares afectados. Su aplicaci\u00f3n presenta ventajas importantes al ser marcador de proliferaci\u00f3n y no de metabolismo como es el caso de la <sup>18<\/sup>F- FDG. Tambi\u00e9n tiene aplicaciones en la estadificaci\u00f3n de algunas neoplasias como linfoma, melanoma, c\u00e1ncer de pulm\u00f3n y mama, y en la detecci\u00f3n de met\u00e1stasis de muchos otros or\u00edgenes.<\/p>\n<p><strong>Categor\u00eda:<\/strong> BIOMARCADOR<\/p>\n<p><strong>Sub &#8211; Categor\u00eda:<\/strong> Producto para diagn\u00f3stico de uso \u201cin vivo\u201d<\/p>\n<p><a class=\"et_pb_button et_pb_button_1 et_hover_enabled et_pb_bg_layout_light\">Ficha T\u00e9cnica<\/a><\/p>\n","protected":false},"excerpt":{"rendered":"<p>Fluorotimidina ([<sup>18<\/sup>F] FLT) es un an\u00e1logo de la Timidina.<\/p>\n","protected":false},"featured_media":389,"comment_status":"closed","ping_status":"closed","template":"","meta":[],"product_brand":[],"product_cat":[87],"product_tag":[],"class_list":{"0":"post-236","1":"product","2":"type-product","3":"status-publish","4":"has-post-thumbnail","6":"product_cat-pet","8":"first","9":"instock","10":"product-type-simple"},"_links":{"self":[{"href":"https:\/\/tecnonuclear.com\/en\/wp-json\/wp\/v2\/product\/236","targetHints":{"allow":["GET"]}}],"collection":[{"href":"https:\/\/tecnonuclear.com\/en\/wp-json\/wp\/v2\/product"}],"about":[{"href":"https:\/\/tecnonuclear.com\/en\/wp-json\/wp\/v2\/types\/product"}],"replies":[{"embeddable":true,"href":"https:\/\/tecnonuclear.com\/en\/wp-json\/wp\/v2\/comments?post=236"}],"wp:featuredmedia":[{"embeddable":true,"href":"https:\/\/tecnonuclear.com\/en\/wp-json\/wp\/v2\/media\/389"}],"wp:attachment":[{"href":"https:\/\/tecnonuclear.com\/en\/wp-json\/wp\/v2\/media?parent=236"}],"wp:term":[{"taxonomy":"product_brand","embeddable":true,"href":"https:\/\/tecnonuclear.com\/en\/wp-json\/wp\/v2\/product_brand?post=236"},{"taxonomy":"product_cat","embeddable":true,"href":"https:\/\/tecnonuclear.com\/en\/wp-json\/wp\/v2\/product_cat?post=236"},{"taxonomy":"product_tag","embeddable":true,"href":"https:\/\/tecnonuclear.com\/en\/wp-json\/wp\/v2\/product_tag?post=236"}],"curies":[{"name":"wp","href":"https:\/\/api.w.org\/{rel}","templated":true}]}}